{"id":12954,"date":"2020-08-27T08:23:10","date_gmt":"2020-08-27T08:23:10","guid":{"rendered":"https:\/\/karo-psychologie-praktijk-com.ams1.wp-one.dev\/?page_id=12954"},"modified":"2026-03-30T18:48:28","modified_gmt":"2026-03-30T16:48:28","slug":"privacy-policy","status":"publish","type":"page","link":"https:\/\/karo-psychologie-praktijk.com\/pl\/privacy-policy\/","title":{"rendered":"Privacy Policy"},"content":{"rendered":"<div data-elementor-type=\"wp-page\" data-elementor-id=\"12954\" class=\"elementor elementor-12954\">\n\t\t\t\t\t\t<section class=\"elementor-section elementor-top-section elementor-element elementor-element-2b1184b0 elementor-section-boxed elementor-section-height-default elementor-section-height-default sc_fly_static\" data-id=\"2b1184b0\" data-element_type=\"section\" data-e-type=\"section\" data-settings=\"{&quot;background_background&quot;:&quot;classic&quot;}\">\n\t\t\t\t\t\t<div class=\"elementor-container elementor-column-gap-extended\">\n\t\t\t\t\t<div class=\"elementor-column elementor-col-100 elementor-top-column elementor-element elementor-element-153e1c19 sc_content_align_inherit sc_layouts_column_icons_position_left sc_fly_static\" data-id=\"153e1c19\" data-element_type=\"column\" data-e-type=\"column\">\n\t\t\t<div class=\"elementor-widget-wrap elementor-element-populated\">\n\t\t\t\t\t\t<div class=\"elementor-element elementor-element-c382db4 sc_fly_static elementor-widget elementor-widget-heading\" data-id=\"c382db4\" data-element_type=\"widget\" data-e-type=\"widget\" data-widget_type=\"heading.default\">\n\t\t\t\t<div class=\"elementor-widget-container\">\n\t\t\t\t\t<h1 class=\"elementor-heading-title elementor-size-large\">O\u015aWIADCZENIE O PRYWATNO\u015aCI KARO PSYCHOLOGIE PRAKTIJK<\/h1>\t\t\t\t<\/div>\n\t\t\t\t<\/div>\n\t\t\t\t<div class=\"elementor-element elementor-element-54db29de sc_fly_static elementor-widget elementor-widget-text-editor\" data-id=\"54db29de\" data-element_type=\"widget\" data-e-type=\"widget\" data-widget_type=\"text-editor.default\">\n\t\t\t\t<div class=\"elementor-widget-container\">\n\t\t\t\t\t\t\t\t\t<p><strong>Kim jeste\u015bmy<\/strong><\/p><p>Ons website-adres is: https:\/\/karo-psychologie-praktijk.com<\/p><p>KARO Psychologie Praktijk przywi\u0105zuje du\u017c\u0105 wag\u0119 do ochrony danych osobowych. Niniejsze o\u015bwiadczenie o ochronie prywatno\u015bci wyja\u015bnia, w jaki spos\u00f3b KARO Psychologie Praktijk przetwarza informacje o zidentyfikowanej lub mo\u017cliwej do zidentyfikowania osobie fizycznej, o kt\u00f3rej mowa w og\u00f3lnym rozporz\u0105dzeniu o ochronie danych (RODO).<\/p><p><strong>Zastosowanie<\/strong><\/p><p>Niniejsze o\u015bwiadczenie o ochronie prywatno\u015bci dotyczy nast\u0119puj\u0105cych kategorii os\u00f3b fizycznych, kt\u00f3rych dane osobowe KARO Psychologie Praktijk przetwarza:<\/p><ol><li>(potencjalni) pacjenci;<\/li><li>odwiedzaj\u0105cy KARO Psychologie Praktijk;<\/li><li>potencjalni partnerzy;<\/li><li><p>wszystkie inne osoby, kt\u00f3re kontaktuj\u0105 si\u0119 z KARO Psychologie Praktijk lub kt\u00f3rych dane osobowe KARO Psychologie Praktijk przetwarza, z wyj\u0105tkiem swoich pracownik\u00f3w.<\/p><\/li><\/ol><p><strong>Przetwarzanie danych osobowych<\/strong><\/p><p>KARO Psychologie Praktijk przetwarza dane osobowe, kt\u00f3re:<\/p><ol><li>osoba zainteresowana udostepni\u0142a osobi\u015bcie  (podczas spotkania), telefonicznie lub cyfrowo (przez e-mail, formularze internetowe na stronie), takie jak dane kontaktowe lub inne dane osobowe;<\/li><\/ol><ol start=\"2\"><li>zosta\u0142y otrzymane od innych \u015bwiadczeniodawc\u00f3w opieki lub os\u00f3b trzecich za zgod\u0105 osoby zainteresowanej.<\/li><\/ol><p><strong>Cele przetwarzania<\/strong><\/p><p>KARO Psychologie Praktijk przetwarza dane osobowe w nast\u0119puj\u0105cych celach:<\/p><ol start=\"2\"><li>zawarcie umowy o leczenie i wystawienie faktury za \u015bwiadczone us\u0142ugi. W przypadku niedokonania nale\u017cnej p\u0142atno\u015bci, dane potrzebne do faktury oraz dane kontaktowe mog\u0105 zosta\u0107 przekazane do agencji windykacyjnej;<\/li><li>utrzymywania kontaktu, poprzez zaproszenia na spotkania, w kt\u00f3rych\nzainteresowana osoba chciala uczestniszy\u0107 lub o kt\u00f3re poprosi\u0142a.<\/li><\/ol><p><strong>Podstawa prawna<\/strong><\/p><p>KARO Psychologie Praktijk przetwarza dane osobowe w oparciu o jedn\u0105 z nast\u0119puj\u0105cych podstaw prawnych:<\/p><ol><li>zgoda osoby, kt\u00f3rej dane dotycz\u0105. Zgod\u0119 t\u0119 mo\u017cna wycofa\u0107 w dowolnym momencie, nie ma to jednak wp\u0142ywu na dane przetworzone przed wycofaniem zgody;<\/li><li>zawarcia umowy o leczenie, w tym o\u015bwiadczenie skierowane do os\u00f3b trzecich, takich jak zak\u0142ad ubezpiecze\u0144 zdrowotnych itp.;<\/li><li>obowi\u0105zek prawny, taki jak np. obowi\u0105zek aktualizacji dokumentacji medycznej<\/li><li>prawnie uzasadniony pow\u00f3d, taki jak wykorzystanie danych kontaktowych w celu zaproszenia na spotkanie.<\/li><\/ol><p><strong>Jakie masz prawa do swoich danych<\/strong><\/p><p>Kiedy zostawisz wiadomosc lub komentarz, komentarz ten i jego metadane zostan\u0105 zapisane na zawsze. Mo\u017cesz za\u017c\u0105da\u0107, aby\u015bmy usun\u0119li wszelkie Twoje dane osobowe, kt\u00f3re posiadamy. Nie obejmuje to danych, kt\u00f3re jeste\u015bmy zobowi\u0105zani zachowa\u0107 ze wzgl\u0119d\u00f3w administracyjnych, prawnych lub ze wzgl\u0119d\u00f3w bezpiecze\u0144stwa.<\/p><p><strong>Jak zabezpieczamy Twoje dane<\/strong><\/p><p>KARO psychologie Praktijk dok\u0142ada wszelkich stara\u0144, aby odpowiednio chroni\u0107 wszelkie mo\u017cliwe dane dotycz\u0105ce Twojej osoby i naszych us\u0142ug. Wszystkie dane w naszych systemach s\u0105 zaszyfrowane, posiadacze danych i odpowiednie pliki s\u0105 chronione has\u0142ami, posiadamy r\u00f3wnie\u017c certyfikat SSL.<\/p><p><strong>Prawo do usuwania danych<\/strong><\/p><p>Je\u015bli skontaktowa\u0142e\u015b si\u0119 z nami, ale chcia\u0142by\u015b, aby wszelkie zarchiwizowane sprawy zosta\u0142y zniszczone, mo\u017cesz nas o tym powiadomi\u0107 w dowolnym momencie. Je\u017celi jednak dotyczy to danych zwiazanych z nasz\u0105 wsp\u00f3\u0142prac\u0105, jeste\u015bmy zwi\u0105zani wymogami prawnymi dotycz\u0105cymi retencji danych.<\/p><p><strong>Zatrzymywanie danych<\/strong><\/p><p>KARO Psychologie Praktijk nie przechowuje danych osobowych d\u0142u\u017cej ni\u017c to konieczne. Zasadniczo KARO Psychologie Praktijk stosuje nast\u0119puj\u0105ce okresy przechowywania:<\/p><ol><li>dane medyczne: co najmniej 15 lat po zako\u0144czeniu umowy o leczenie;<\/li><li>(finansowe) dane administracyjne: 7 lat po zarejestrowaniu danych;<\/li><li>dane pracownik\u00f3w i os\u00f3b prowadz\u0105cych dzia\u0142alno\u015b\u0107 na w\u0142asny rachunek, inne ni\u017c (finansowe) dane administracyjne: po 5 latach od zako\u0144czenia umowy o \u015bwiadczenie us\u0142ug;<\/li><li>dane os\u00f3b aplikujacych na dane stanowisko: 6 miesi\u0119cy po zako\u0144czeniu procedury aplikacyjnej.<\/li><\/ol><p><strong>Udost\u0119pnianie danych osobowych podmiotom trzecim<\/strong><\/p><p>KARO Psychologie Praktijk udost\u0119pnia dane osobowe stronom trzecim, je\u015bli jest to wskazane w kontek\u015bcie leczenia (na przyk\u0142ad skierowanie) lub je\u015bli jest to konieczne do wype\u0142nienia obowi\u0105zku prawnego. KARO Psychologie Praktijk nie udost\u0119pnia danych osobowych podmiotom trzecim w celach komercyjnych, chyba \u017ce spotkania s\u0105 organizowane wsp\u00f3lnie z inn\u0105 organizacj\u0105. W takim przypadku udost\u0119pnione zostan\u0105 tylko niezb\u0119dne dane kontaktowe.<\/p><p><strong>Przekazywanie danych poza EOG<\/strong><\/p><p>KARO Psychologie Praktijk przekazuje dane osobowe do kraj\u00f3w spoza Europejskiego Obszaru Gospodarczego (EOG), je\u015bli Komisja Europejska wskaza\u0142a, \u017ce \u200b\u200bdany kraj zapewnia odpowiedni poziom ochrony lub je\u015bli istniej\u0105 odpowiednie zabezpieczenia w rozumieniu og\u00f3lnego rozporz\u0105dzenia o ochronie danych (RODO ).<\/p><p><strong>Zmiany w polityce prywatno\u015bci<\/strong><\/p><p>KARO Psychologie Praktijk mo\u017ce w dowolnym momencie zmieni\u0107 niniejsze o\u015bwiadczenie o ochronie prywatno\u015bci. Aktualna wersja o\u015bwiadczenia o ochronie prywatno\u015bci jest opublikowana na stronie internetowej praktyki KARO. Radzimy regularnie sprawdza\u0107 niniejsze o\u015bwiadczenie o ochronie prywatno\u015bci, aby by\u0107 \u015bwiadomym wszelkich zmian.<\/p><p><strong>Prawa, pytania i skargi<\/strong><\/p><p>Masz prawo do \u017c\u0105dania od KARO Psychologie Praktijk dost\u0119pu, sprostowania, usuni\u0119cia, przeniesienia, ograniczenia przetwarzania oraz wniesienia sprzeciwu wobec przetwarzania danych osobowych. Mo\u017cesz skontaktowa\u0107 si\u0119 w tej sprawie z KARO Psychologia, wysy\u0142aj\u0105c e-mail na adres info@karo-psychologie-praktijk.<\/p>\t\t\t\t\t\t\t\t<\/div>\n\t\t\t\t<\/div>\n\t\t\t\t\t<\/div>\n\t\t<\/div>\n\t\t\t\t\t<\/div>\n\t\t<\/section>\n\t\t\t\t<section class=\"elementor-section elementor-top-section elementor-element elementor-element-7ef86bc8 elementor-section-boxed elementor-section-height-default elementor-section-height-default sc_fly_static\" data-id=\"7ef86bc8\" data-element_type=\"section\" data-e-type=\"section\">\n\t\t\t\t\t\t<div class=\"elementor-container elementor-column-gap-extended\">\n\t\t\t\t\t<div class=\"elementor-column elementor-col-100 elementor-top-column elementor-element elementor-element-19372eea sc_content_align_inherit sc_layouts_column_icons_position_left sc_fly_static\" data-id=\"19372eea\" data-element_type=\"column\" data-e-type=\"column\">\n\t\t\t<div class=\"elementor-widget-wrap elementor-element-populated\">\n\t\t\t\t\t\t<div class=\"elementor-element elementor-element-690b98ed sc_fly_static elementor-widget elementor-widget-spacer\" data-id=\"690b98ed\" data-element_type=\"widget\" data-e-type=\"widget\" data-widget_type=\"spacer.default\">\n\t\t\t\t<div class=\"elementor-widget-container\">\n\t\t\t\t\t\t\t<div class=\"elementor-spacer\">\n\t\t\t<div class=\"elementor-spacer-inner\"><\/div>\n\t\t<\/div>\n\t\t\t\t\t\t<\/div>\n\t\t\t\t<\/div>\n\t\t\t\t\t<\/div>\n\t\t<\/div>\n\t\t\t\t\t<\/div>\n\t\t<\/section>\n\t\t\t\t<\/div>","protected":false},"excerpt":{"rendered":"<p>PRIVACYSTATEMENT KARO PSYCHOLOGIE PRAKTIJK Wie zijn wij Ons website-adres is: https:\/\/karo-psychologie-praktijk.com KARO psychologie hecht belang aan de bescherming van persoonsgegevens. Dit privacy statement legt uit hoe KARO psychologie met informatie&hellip;<\/p>","protected":false},"author":1,"featured_media":0,"parent":0,"menu_order":0,"comment_status":"closed","ping_status":"closed","template":"","meta":{"footnotes":""},"class_list":["post-12954","page","type-page","status-publish","hentry"],"yoast_head":"<!-- This site is optimized with the Yoast SEO plugin v27.4 - https:\/\/yoast.com\/product\/yoast-seo-wordpress\/ -->\n<title>Privacy Policy - Karo Psychologie Praktijk<\/title>\n<meta name=\"robots\" content=\"index, follow, max-snippet:-1, max-image-preview:large, max-video-preview:-1\" \/>\n<link rel=\"canonical\" href=\"https:\/\/karo-psychologie-praktijk.com\/pl\/privacy-policy\/\" \/>\n<meta property=\"og:locale\" content=\"pl_PL\" \/>\n<meta property=\"og:type\" content=\"article\" \/>\n<meta property=\"og:title\" content=\"Privacy Policy - Karo Psychologie Praktijk\" \/>\n<meta property=\"og:description\" content=\"PRIVACYSTATEMENT KARO PSYCHOLOGIE PRAKTIJK Wie zijn wij Ons website-adres is: https:\/\/karo-psychologie-praktijk.com KARO psychologie hecht belang aan de bescherming van persoonsgegevens. Dit privacy statement legt uit hoe KARO psychologie met informatie&hellip;\" \/>\n<meta property=\"og:url\" content=\"https:\/\/karo-psychologie-praktijk.com\/pl\/privacy-policy\/\" \/>\n<meta property=\"og:site_name\" content=\"Karo Psychologie Praktijk\" \/>\n<meta property=\"article:publisher\" content=\"https:\/\/www.facebook.com\/karopsychologiepraktijk\" \/>\n<meta property=\"article:modified_time\" content=\"2026-03-30T16:48:28+00:00\" \/>\n<meta name=\"twitter:card\" content=\"summary_large_image\" \/>\n<meta name=\"twitter:label1\" content=\"Szacowany czas czytania\" \/>\n\t<meta name=\"twitter:data1\" content=\"4 minuty\" \/>\n<script type=\"application\/ld+json\" class=\"yoast-schema-graph\">{\"@context\":\"https:\\\/\\\/schema.org\",\"@graph\":[{\"@type\":\"WebPage\",\"@id\":\"https:\\\/\\\/karo-psychologie-praktijk.com\\\/privacy-policy\\\/\",\"url\":\"https:\\\/\\\/karo-psychologie-praktijk.com\\\/privacy-policy\\\/\",\"name\":\"Privacy Policy - Karo Psychologie Praktijk\",\"isPartOf\":{\"@id\":\"https:\\\/\\\/karo-psychologie-praktijk.com\\\/#website\"},\"datePublished\":\"2020-08-27T08:23:10+00:00\",\"dateModified\":\"2026-03-30T16:48:28+00:00\",\"breadcrumb\":{\"@id\":\"https:\\\/\\\/karo-psychologie-praktijk.com\\\/privacy-policy\\\/#breadcrumb\"},\"inLanguage\":\"pl-PL\",\"potentialAction\":[{\"@type\":\"ReadAction\",\"target\":[\"https:\\\/\\\/karo-psychologie-praktijk.com\\\/privacy-policy\\\/\"]}]},{\"@type\":\"BreadcrumbList\",\"@id\":\"https:\\\/\\\/karo-psychologie-praktijk.com\\\/privacy-policy\\\/#breadcrumb\",\"itemListElement\":[{\"@type\":\"ListItem\",\"position\":1,\"name\":\"Home\",\"item\":\"https:\\\/\\\/karo-psychologie-praktijk.com\\\/\"},{\"@type\":\"ListItem\",\"position\":2,\"name\":\"Privacy Policy\"}]},{\"@type\":\"WebSite\",\"@id\":\"https:\\\/\\\/karo-psychologie-praktijk.com\\\/#website\",\"url\":\"https:\\\/\\\/karo-psychologie-praktijk.com\\\/\",\"name\":\"Karo Psychologie Praktijk\",\"description\":\"Individuele therapie \",\"publisher\":{\"@id\":\"https:\\\/\\\/karo-psychologie-praktijk.com\\\/#organization\"},\"potentialAction\":[{\"@type\":\"SearchAction\",\"target\":{\"@type\":\"EntryPoint\",\"urlTemplate\":\"https:\\\/\\\/karo-psychologie-praktijk.com\\\/?s={search_term_string}\"},\"query-input\":{\"@type\":\"PropertyValueSpecification\",\"valueRequired\":true,\"valueName\":\"search_term_string\"}}],\"inLanguage\":\"pl-PL\"},{\"@type\":\"Organization\",\"@id\":\"https:\\\/\\\/karo-psychologie-praktijk.com\\\/#organization\",\"name\":\"Karo Psychologie Praktijk\",\"url\":\"https:\\\/\\\/karo-psychologie-praktijk.com\\\/\",\"logo\":{\"@type\":\"ImageObject\",\"inLanguage\":\"pl-PL\",\"@id\":\"https:\\\/\\\/karo-psychologie-praktijk.com\\\/#\\\/schema\\\/logo\\\/image\\\/\",\"url\":\"https:\\\/\\\/karo-psychologie-praktijk.com\\\/wp-content\\\/uploads\\\/2022\\\/05\\\/cropped-logo-green.png\",\"contentUrl\":\"https:\\\/\\\/karo-psychologie-praktijk.com\\\/wp-content\\\/uploads\\\/2022\\\/05\\\/cropped-logo-green.png\",\"width\":512,\"height\":512,\"caption\":\"Karo Psychologie Praktijk\"},\"image\":{\"@id\":\"https:\\\/\\\/karo-psychologie-praktijk.com\\\/#\\\/schema\\\/logo\\\/image\\\/\"},\"sameAs\":[\"https:\\\/\\\/www.facebook.com\\\/karopsychologiepraktijk\",\"https:\\\/\\\/www.instagram.com\\\/karopsychologiepraktijk\"]}]}<\/script>\n<!-- \/ Yoast SEO plugin. -->","yoast_head_json":{"title":"Privacy Policy - Karo Psychologie Praktijk","robots":{"index":"index","follow":"follow","max-snippet":"max-snippet:-1","max-image-preview":"max-image-preview:large","max-video-preview":"max-video-preview:-1"},"canonical":"https:\/\/karo-psychologie-praktijk.com\/pl\/privacy-policy\/","og_locale":"pl_PL","og_type":"article","og_title":"Privacy Policy - Karo Psychologie Praktijk","og_description":"PRIVACYSTATEMENT KARO PSYCHOLOGIE PRAKTIJK Wie zijn wij Ons website-adres is: https:\/\/karo-psychologie-praktijk.com KARO psychologie hecht belang aan de bescherming van persoonsgegevens. Dit privacy statement legt uit hoe KARO psychologie met informatie&hellip;","og_url":"https:\/\/karo-psychologie-praktijk.com\/pl\/privacy-policy\/","og_site_name":"Karo Psychologie Praktijk","article_publisher":"https:\/\/www.facebook.com\/karopsychologiepraktijk","article_modified_time":"2026-03-30T16:48:28+00:00","twitter_card":"summary_large_image","twitter_misc":{"Szacowany czas czytania":"4 minuty"},"schema":{"@context":"https:\/\/schema.org","@graph":[{"@type":"WebPage","@id":"https:\/\/karo-psychologie-praktijk.com\/privacy-policy\/","url":"https:\/\/karo-psychologie-praktijk.com\/privacy-policy\/","name":"Privacy Policy - Karo Psychologie Praktijk","isPartOf":{"@id":"https:\/\/karo-psychologie-praktijk.com\/#website"},"datePublished":"2020-08-27T08:23:10+00:00","dateModified":"2026-03-30T16:48:28+00:00","breadcrumb":{"@id":"https:\/\/karo-psychologie-praktijk.com\/privacy-policy\/#breadcrumb"},"inLanguage":"pl-PL","potentialAction":[{"@type":"ReadAction","target":["https:\/\/karo-psychologie-praktijk.com\/privacy-policy\/"]}]},{"@type":"BreadcrumbList","@id":"https:\/\/karo-psychologie-praktijk.com\/privacy-policy\/#breadcrumb","itemListElement":[{"@type":"ListItem","position":1,"name":"Home","item":"https:\/\/karo-psychologie-praktijk.com\/"},{"@type":"ListItem","position":2,"name":"Privacy Policy"}]},{"@type":"WebSite","@id":"https:\/\/karo-psychologie-praktijk.com\/#website","url":"https:\/\/karo-psychologie-praktijk.com\/","name":"Karo Praktyka Psychologiczna","description":"Individuele therapie","publisher":{"@id":"https:\/\/karo-psychologie-praktijk.com\/#organization"},"potentialAction":[{"@type":"SearchAction","target":{"@type":"EntryPoint","urlTemplate":"https:\/\/karo-psychologie-praktijk.com\/?s={search_term_string}"},"query-input":{"@type":"PropertyValueSpecification","valueRequired":true,"valueName":"search_term_string"}}],"inLanguage":"pl-PL"},{"@type":"Organization","@id":"https:\/\/karo-psychologie-praktijk.com\/#organization","name":"Karo Praktyka Psychologiczna","url":"https:\/\/karo-psychologie-praktijk.com\/","logo":{"@type":"ImageObject","inLanguage":"pl-PL","@id":"https:\/\/karo-psychologie-praktijk.com\/#\/schema\/logo\/image\/","url":"https:\/\/karo-psychologie-praktijk.com\/wp-content\/uploads\/2022\/05\/cropped-logo-green.png","contentUrl":"https:\/\/karo-psychologie-praktijk.com\/wp-content\/uploads\/2022\/05\/cropped-logo-green.png","width":512,"height":512,"caption":"Karo Psychologie Praktijk"},"image":{"@id":"https:\/\/karo-psychologie-praktijk.com\/#\/schema\/logo\/image\/"},"sameAs":["https:\/\/www.facebook.com\/karopsychologiepraktijk","https:\/\/www.instagram.com\/karopsychologiepraktijk"]}]}},"_links":{"self":[{"href":"https:\/\/karo-psychologie-praktijk.com\/pl\/wp-json\/wp\/v2\/pages\/12954","targetHints":{"allow":["GET"]}}],"collection":[{"href":"https:\/\/karo-psychologie-praktijk.com\/pl\/wp-json\/wp\/v2\/pages"}],"about":[{"href":"https:\/\/karo-psychologie-praktijk.com\/pl\/wp-json\/wp\/v2\/types\/page"}],"author":[{"embeddable":true,"href":"https:\/\/karo-psychologie-praktijk.com\/pl\/wp-json\/wp\/v2\/users\/1"}],"replies":[{"embeddable":true,"href":"https:\/\/karo-psychologie-praktijk.com\/pl\/wp-json\/wp\/v2\/comments?post=12954"}],"version-history":[{"count":11,"href":"https:\/\/karo-psychologie-praktijk.com\/pl\/wp-json\/wp\/v2\/pages\/12954\/revisions"}],"predecessor-version":[{"id":22078,"href":"https:\/\/karo-psychologie-praktijk.com\/pl\/wp-json\/wp\/v2\/pages\/12954\/revisions\/22078"}],"wp:attachment":[{"href":"https:\/\/karo-psychologie-praktijk.com\/pl\/wp-json\/wp\/v2\/media?parent=12954"}],"curies":[{"name":"wp","href":"https:\/\/api.w.org\/{rel}","templated":true}]}}