{"id":20281,"date":"2021-11-09T21:35:06","date_gmt":"2021-11-09T20:35:06","guid":{"rendered":"https:\/\/karo-psychologie-praktijk-com.ams1.wp-one.dev\/?page_id=20281"},"modified":"2026-03-30T18:22:11","modified_gmt":"2026-03-30T16:22:11","slug":"psychologie","status":"publish","type":"page","link":"https:\/\/karo-psychologie-praktijk.com\/pl\/psychologie\/","title":{"rendered":"Psychologia"},"content":{"rendered":"<div data-elementor-type=\"wp-page\" data-elementor-id=\"20281\" class=\"elementor elementor-20281\">\n\t\t\t\t\t\t<section class=\"elementor-section elementor-top-section elementor-element elementor-element-ee9e814 elementor-section-boxed elementor-section-height-default elementor-section-height-default sc_fly_static\" data-id=\"ee9e814\" data-element_type=\"section\" data-e-type=\"section\">\n\t\t\t\t\t\t<div class=\"elementor-container elementor-column-gap-extended\">\n\t\t\t\t\t<div class=\"elementor-column elementor-col-100 elementor-top-column elementor-element elementor-element-f92f614 sc_content_align_inherit sc_layouts_column_icons_position_left sc_fly_static\" data-id=\"f92f614\" data-element_type=\"column\" data-e-type=\"column\">\n\t\t\t<div class=\"elementor-widget-wrap elementor-element-populated\">\n\t\t\t\t\t\t<div class=\"elementor-element elementor-element-ef77119 sc_fly_static elementor-widget elementor-widget-heading\" data-id=\"ef77119\" data-element_type=\"widget\" data-e-type=\"widget\" data-widget_type=\"heading.default\">\n\t\t\t\t<div class=\"elementor-widget-container\">\n\t\t\t\t\t<h1 class=\"elementor-heading-title elementor-size-default\">Psychologia<\/h1>\t\t\t\t<\/div>\n\t\t\t\t<\/div>\n\t\t\t\t\t<\/div>\n\t\t<\/div>\n\t\t\t\t\t<\/div>\n\t\t<\/section>\n\t\t\t\t<section class=\"elementor-section elementor-top-section elementor-element elementor-element-cb38969 elementor-section-boxed elementor-section-height-default elementor-section-height-default sc_fly_static\" data-id=\"cb38969\" data-element_type=\"section\" data-e-type=\"section\">\n\t\t\t\t\t\t<div class=\"elementor-container elementor-column-gap-extended\">\n\t\t\t\t\t<div class=\"elementor-column elementor-col-100 elementor-top-column elementor-element elementor-element-78f301a sc_content_align_inherit sc_layouts_column_icons_position_left sc_fly_static\" data-id=\"78f301a\" data-element_type=\"column\" data-e-type=\"column\">\n\t\t\t<div class=\"elementor-widget-wrap elementor-element-populated\">\n\t\t\t\t\t\t<div class=\"elementor-element elementor-element-2635e52 sc_fly_static elementor-widget elementor-widget-image\" data-id=\"2635e52\" data-element_type=\"widget\" data-e-type=\"widget\" data-widget_type=\"image.default\">\n\t\t\t\t<div class=\"elementor-widget-container\">\n\t\t\t\t\t\t\t\t\t\t\t\t\t\t\t<img decoding=\"async\" src=\"https:\/\/karo-psychologie-praktijk.com\/wp-content\/uploads\/elementor\/thumbs\/Psychologie-pge3ii2g943e0hixtnferu6c9jpvs5f5yjheq74e5c.jpg\" title=\"Psychologia\" alt=\"Psychologie - Karo Psychologie Praktijk\" loading=\"lazy\" \/>\t\t\t\t\t\t\t\t\t\t\t\t\t\t\t<\/div>\n\t\t\t\t<\/div>\n\t\t\t\t\t<\/div>\n\t\t<\/div>\n\t\t\t\t\t<\/div>\n\t\t<\/section>\n\t\t\t\t<section data-animation-type=\"block\" class=\"elementor-section elementor-top-section elementor-element elementor-element-dae393a elementor-section-boxed elementor-section-height-default elementor-section-height-default animation_type_block sc_fly_static elementor-invisible\" data-id=\"dae393a\" data-element_type=\"section\" data-e-type=\"section\" data-settings=\"{&quot;animation&quot;:&quot;fadeInLeft&quot;}\">\n\t\t\t\t\t\t<div class=\"elementor-container elementor-column-gap-extended\">\n\t\t\t\t\t<div class=\"elementor-column elementor-col-100 elementor-top-column elementor-element elementor-element-7c2280f sc_content_align_inherit sc_layouts_column_icons_position_left sc_fly_static\" data-id=\"7c2280f\" data-element_type=\"column\" data-e-type=\"column\">\n\t\t\t<div class=\"elementor-widget-wrap elementor-element-populated\">\n\t\t\t\t\t\t<div class=\"elementor-element elementor-element-0525274 sc_fly_static elementor-widget elementor-widget-text-editor\" data-id=\"0525274\" data-element_type=\"widget\" data-e-type=\"widget\" data-widget_type=\"text-editor.default\">\n\t\t\t\t<div class=\"elementor-widget-container\">\n\t\t\t\t\t\t\t\t\t<p style=\"font-weight: 400;\">W mojej praktyce jeste\u015b mile widziany(a) z trudno\u015bciami takimi jak stres, trauma, problemy zwi\u0105zane z prac\u0105, dolegliwo\u015bci psychosomatyczne czy obni\u017cony nastr\u00f3j. Oferuj\u0119 ciep\u0142\u0105 i bezpieczn\u0105 przestrze\u0144, w kt\u00f3rej mo\u017cesz podzieli\u0107 si\u0119 swoim do\u015bwiadczeniem \u2014 bez oceniania i w Twoim w\u0142asnym tempie.<\/p><p style=\"font-weight: 400;\">Mo\u017cesz si\u0119 do mnie zwr\u00f3ci\u0107 tak\u017ce wtedy, gdy nie masz dolegliwo\u015bci, ale odczuwasz potrzeb\u0119 porozmawiania z kim\u015b niezale\u017cnym. Czasem warto uporz\u0105dkowa\u0107 my\u015bli, rozja\u015bni\u0107 decyzje lub po prostu zatrzyma\u0107 si\u0119 na chwil\u0119 i sprawdzi\u0107, jak naprawd\u0119 si\u0119 czujesz. Jestem elastyczna i otwarta, i towarzysz\u0119 Ci w spos\u00f3b dostosowany do Twojej sytuacji.<\/p><p style=\"font-weight: 400;\">Razem przygl\u0105damy si\u0119 temu, co si\u0119 dzieje, gdzie utkn\u0105\u0142e\u015b\/utkn\u0119\u0142a\u015b lub co chcia\u0142(a)by\u015b pog\u0142\u0119bi\u0107, oraz czego potrzebujesz, by odzyska\u0107 wi\u0119cej spokoju, jasno\u015bci i r\u00f3wnowagi. Korzystaj\u0105c ze wsp\u00f3\u0142czesnych i skutecznych metod, takich jak EMDR, CBT\/CGT i ACT, pracujemy krok po kroku nad Twoim dobrostanem, rozwojem i wzmocnieniem.<br \/>Nie musisz przechodzi\u0107 przez to sam(a). Ch\u0119tnie przejd\u0119 cz\u0119\u015b\u0107 drogi z Tob\u0105.<\/p>\t\t\t\t\t\t\t\t<\/div>\n\t\t\t\t<\/div>\n\t\t\t\t\t<\/div>\n\t\t<\/div>\n\t\t\t\t\t<\/div>\n\t\t<\/section>\n\t\t\t\t<section data-animation-type=\"block\" class=\"elementor-section elementor-top-section elementor-element elementor-element-4f0be9db animated-slow elementor-section-boxed elementor-section-height-default elementor-section-height-default animation_type_block sc_fly_static elementor-invisible\" data-id=\"4f0be9db\" data-element_type=\"section\" data-e-type=\"section\" data-settings=\"{&quot;animation&quot;:&quot;fadeInLeft&quot;,&quot;animation_delay&quot;:0,&quot;background_background&quot;:&quot;classic&quot;}\">\n\t\t\t\t\t\t<div class=\"elementor-container elementor-column-gap-extended\">\n\t\t\t\t\t<div class=\"elementor-column elementor-col-100 elementor-top-column elementor-element elementor-element-239f3eec sc_content_align_inherit sc_layouts_column_icons_position_left sc_fly_static\" data-id=\"239f3eec\" data-element_type=\"column\" data-e-type=\"column\">\n\t\t\t<div class=\"elementor-widget-wrap elementor-element-populated\">\n\t\t\t\t\t\t<div class=\"elementor-element elementor-element-87027 sc_fly_static elementor-widget elementor-widget-heading\" data-id=\"87027\" data-element_type=\"widget\" data-e-type=\"widget\" data-widget_type=\"heading.default\">\n\t\t\t\t<div class=\"elementor-widget-container\">\n\t\t\t\t\t<p class=\"elementor-heading-title elementor-size-default\">Moje obszary pracy<\/p>\t\t\t\t<\/div>\n\t\t\t\t<\/div>\n\t\t\t\t<div data-animation-type=\"sequental\" data-animation-stagger=\"\" class=\"elementor-element elementor-element-b2d0ea5 animation_type_sequental elementor-icon-list--layout-traditional elementor-list-item-link-full_width sc_fly_static elementor-invisible elementor-widget elementor-widget-icon-list\" data-id=\"b2d0ea5\" data-element_type=\"widget\" data-e-type=\"widget\" data-settings=\"{&quot;_animation&quot;:&quot;fadeInLeft&quot;}\" data-widget_type=\"icon-list.default\">\n\t\t\t\t<div class=\"elementor-widget-container\">\n\t\t\t\t\t\t\t<ul class=\"elementor-icon-list-items\">\n\t\t\t\t\t\t\t<li class=\"elementor-icon-list-item\">\n\t\t\t\t\t\t\t\t\t\t\t<span class=\"elementor-icon-list-icon\">\n\t\t\t\t\t\t\t<i aria-hidden=\"true\" class=\"far fa-dot-circle\"><\/i>\t\t\t\t\t\t<\/span>\n\t\t\t\t\t\t\t\t\t\t<span class=\"elementor-icon-list-text\">Stres<\/span>\n\t\t\t\t\t\t\t\t\t<\/li>\n\t\t\t\t\t\t\t\t<li class=\"elementor-icon-list-item\">\n\t\t\t\t\t\t\t\t\t\t\t<span class=\"elementor-icon-list-icon\">\n\t\t\t\t\t\t\t<i aria-hidden=\"true\" class=\"far fa-dot-circle\"><\/i>\t\t\t\t\t\t<\/span>\n\t\t\t\t\t\t\t\t\t\t<span class=\"elementor-icon-list-text\">Trauma<\/span>\n\t\t\t\t\t\t\t\t\t<\/li>\n\t\t\t\t\t\t\t\t<li class=\"elementor-icon-list-item\">\n\t\t\t\t\t\t\t\t\t\t\t<span class=\"elementor-icon-list-icon\">\n\t\t\t\t\t\t\t<i aria-hidden=\"true\" class=\"far fa-dot-circle\"><\/i>\t\t\t\t\t\t<\/span>\n\t\t\t\t\t\t\t\t\t\t<span class=\"elementor-icon-list-text\">Wyzwania w \u017cyciu zawodowym<\/span>\n\t\t\t\t\t\t\t\t\t<\/li>\n\t\t\t\t\t\t\t\t<li class=\"elementor-icon-list-item\">\n\t\t\t\t\t\t\t\t\t\t\t<span class=\"elementor-icon-list-icon\">\n\t\t\t\t\t\t\t<i aria-hidden=\"true\" class=\"far fa-dot-circle\"><\/i>\t\t\t\t\t\t<\/span>\n\t\t\t\t\t\t\t\t\t\t<span class=\"elementor-icon-list-text\">Dolegliwo\u015bci psychosomatyczne<\/span>\n\t\t\t\t\t\t\t\t\t<\/li>\n\t\t\t\t\t\t\t\t<li class=\"elementor-icon-list-item\">\n\t\t\t\t\t\t\t\t\t\t\t<span class=\"elementor-icon-list-icon\">\n\t\t\t\t\t\t\t<i aria-hidden=\"true\" class=\"far fa-dot-circle\"><\/i>\t\t\t\t\t\t<\/span>\n\t\t\t\t\t\t\t\t\t\t<span class=\"elementor-icon-list-text\">Obni\u017cony nastr\u00f3j<\/span>\n\t\t\t\t\t\t\t\t\t<\/li>\n\t\t\t\t\t\t<\/ul>\n\t\t\t\t\t\t<\/div>\n\t\t\t\t<\/div>\n\t\t\t\t\t<\/div>\n\t\t<\/div>\n\t\t\t\t\t<\/div>\n\t\t<\/section>\n\t\t\t\t<section data-animation-type=\"block\" class=\"elementor-section elementor-top-section elementor-element elementor-element-66224e1 animated-slow elementor-section-boxed elementor-section-height-default elementor-section-height-default animation_type_block sc_fly_static elementor-invisible\" data-id=\"66224e1\" data-element_type=\"section\" data-e-type=\"section\" data-settings=\"{&quot;animation&quot;:&quot;fadeInLeft&quot;,&quot;animation_delay&quot;:0}\">\n\t\t\t\t\t\t<div class=\"elementor-container elementor-column-gap-extended\">\n\t\t\t\t\t<div class=\"elementor-column elementor-col-100 elementor-top-column elementor-element elementor-element-9fdad17 sc_content_align_inherit sc_layouts_column_icons_position_left sc_fly_static\" data-id=\"9fdad17\" data-element_type=\"column\" data-e-type=\"column\">\n\t\t\t<div class=\"elementor-widget-wrap elementor-element-populated\">\n\t\t\t\t\t\t<div class=\"elementor-element elementor-element-927fa8a sc_height_small sc_fly_static elementor-widget elementor-widget-spacer\" data-id=\"927fa8a\" data-element_type=\"widget\" data-e-type=\"widget\" data-widget_type=\"spacer.default\">\n\t\t\t\t<div class=\"elementor-widget-container\">\n\t\t\t\t\t\t\t<div class=\"elementor-spacer\">\n\t\t\t<div class=\"elementor-spacer-inner\"><\/div>\n\t\t<\/div>\n\t\t\t\t\t\t<\/div>\n\t\t\t\t<\/div>\n\t\t\t\t<div class=\"elementor-element elementor-element-5d65aab sc_fly_static elementor-widget elementor-widget-trx_sc_button\" data-id=\"5d65aab\" data-element_type=\"widget\" data-e-type=\"widget\" data-widget_type=\"trx_sc_button.default\">\n\t\t\t\t<div class=\"elementor-widget-container\">\n\t\t\t\t\t<div\tclass=\"sc_item_button sc_button_wrap sc_align_center\" ><a href=\"https:\/\/karo-psychologie-praktijk-com.ams1.wp-one.dev\/contact\" class=\"sc_button sc_button_default sc_button_size_normal sc_button_icon_left\" ><span class=\"sc_button_text\"><span class=\"sc_button_title\">Formularz kontaktowy<\/span><\/span><\/a><\/div>\t\t\t\t<\/div>\n\t\t\t\t<\/div>\n\t\t\t\t<div class=\"elementor-element elementor-element-86071ed sc_height_tiny sc_fly_static elementor-widget elementor-widget-spacer\" data-id=\"86071ed\" data-element_type=\"widget\" data-e-type=\"widget\" data-widget_type=\"spacer.default\">\n\t\t\t\t<div class=\"elementor-widget-container\">\n\t\t\t\t\t\t\t<div class=\"elementor-spacer\">\n\t\t\t<div class=\"elementor-spacer-inner\"><\/div>\n\t\t<\/div>\n\t\t\t\t\t\t<\/div>\n\t\t\t\t<\/div>\n\t\t\t\t\t<\/div>\n\t\t<\/div>\n\t\t\t\t\t<\/div>\n\t\t<\/section>\n\t\t\t\t<section class=\"elementor-section elementor-top-section elementor-element elementor-element-e862252 elementor-section-boxed elementor-section-height-default elementor-section-height-default sc_fly_static\" data-id=\"e862252\" data-element_type=\"section\" data-e-type=\"section\">\n\t\t\t\t\t\t<div class=\"elementor-container elementor-column-gap-extended\">\n\t\t\t\t\t<div class=\"elementor-column elementor-col-100 elementor-top-column elementor-element elementor-element-530d70a sc_content_align_inherit sc_layouts_column_icons_position_left sc_fly_static\" data-id=\"530d70a\" data-element_type=\"column\" data-e-type=\"column\">\n\t\t\t<div class=\"elementor-widget-wrap elementor-element-populated\">\n\t\t\t\t\t\t<div class=\"elementor-element elementor-element-86bb7a3 sc_height_small sc_fly_static elementor-widget elementor-widget-spacer\" data-id=\"86bb7a3\" data-element_type=\"widget\" data-e-type=\"widget\" data-widget_type=\"spacer.default\">\n\t\t\t\t<div class=\"elementor-widget-container\">\n\t\t\t\t\t\t\t<div class=\"elementor-spacer\">\n\t\t\t<div class=\"elementor-spacer-inner\"><\/div>\n\t\t<\/div>\n\t\t\t\t\t\t<\/div>\n\t\t\t\t<\/div>\n\t\t\t\t\t<\/div>\n\t\t<\/div>\n\t\t\t\t\t<\/div>\n\t\t<\/section>\n\t\t\t\t<section class=\"elementor-section elementor-top-section elementor-element elementor-element-0356e6f elementor-section-boxed elementor-section-height-default elementor-section-height-default sc_fly_static\" data-id=\"0356e6f\" data-element_type=\"section\" data-e-type=\"section\">\n\t\t\t\t\t\t<div class=\"elementor-container elementor-column-gap-extended\">\n\t\t\t\t\t<div class=\"elementor-column elementor-col-100 elementor-top-column elementor-element elementor-element-4ae6499 sc_content_align_inherit sc_layouts_column_icons_position_left sc_fly_static\" data-id=\"4ae6499\" data-element_type=\"column\" data-e-type=\"column\">\n\t\t\t<div class=\"elementor-widget-wrap\">\n\t\t\t\t\t\t\t<\/div>\n\t\t<\/div>\n\t\t\t\t\t<\/div>\n\t\t<\/section>\n\t\t\t\t<\/div>","protected":false},"excerpt":{"rendered":"<p>Psychologie In mijn praktijk ben je welkom met klachten zoals stress, trauma, werkgerelateerde problemen, psychosomatische klachten en stemmingsklachten. Ik bied een warme en veilige plek waar je je verhaal mag&hellip;<\/p>","protected":false},"author":1,"featured_media":0,"parent":0,"menu_order":0,"comment_status":"closed","ping_status":"closed","template":"","meta":{"footnotes":""},"class_list":["post-20281","page","type-page","status-publish","hentry"],"yoast_head":"<!-- This site is optimized with the Yoast SEO plugin v27.4 - https:\/\/yoast.com\/product\/yoast-seo-wordpress\/ -->\n<title>Psychologie - Karo Psychologie Praktijk<\/title>\n<meta name=\"robots\" content=\"index, follow, max-snippet:-1, max-image-preview:large, max-video-preview:-1\" \/>\n<link rel=\"canonical\" href=\"https:\/\/karo-psychologie-praktijk.com\/pl\/psychologie\/\" \/>\n<meta property=\"og:locale\" content=\"pl_PL\" \/>\n<meta property=\"og:type\" content=\"article\" \/>\n<meta property=\"og:title\" content=\"Psychologie - Karo Psychologie Praktijk\" \/>\n<meta property=\"og:description\" content=\"Psychologie In mijn praktijk ben je welkom met klachten zoals stress, trauma, werkgerelateerde problemen, psychosomatische klachten en stemmingsklachten. Ik bied een warme en veilige plek waar je je verhaal mag&hellip;\" \/>\n<meta property=\"og:url\" content=\"https:\/\/karo-psychologie-praktijk.com\/pl\/psychologie\/\" \/>\n<meta property=\"og:site_name\" content=\"Karo Psychologie Praktijk\" \/>\n<meta property=\"article:publisher\" content=\"https:\/\/www.facebook.com\/karopsychologiepraktijk\" \/>\n<meta property=\"article:modified_time\" content=\"2026-03-30T16:22:11+00:00\" \/>\n<meta property=\"og:image\" content=\"https:\/\/karo-psychologie-praktijk.com\/wp-content\/uploads\/elementor\/thumbs\/Psychologie-pge3ii2g943e0hixtnferu6c9jpvs5f5yjhehkxjz4.jpg\" \/>\n<meta name=\"twitter:card\" content=\"summary_large_image\" \/>\n<meta name=\"twitter:label1\" content=\"Szacowany czas czytania\" \/>\n\t<meta name=\"twitter:data1\" content=\"2 minuty\" \/>\n<script type=\"application\/ld+json\" class=\"yoast-schema-graph\">{\"@context\":\"https:\\\/\\\/schema.org\",\"@graph\":[{\"@type\":\"WebPage\",\"@id\":\"https:\\\/\\\/karo-psychologie-praktijk.com\\\/psychologie\\\/\",\"url\":\"https:\\\/\\\/karo-psychologie-praktijk.com\\\/psychologie\\\/\",\"name\":\"Psychologie - Karo Psychologie Praktijk\",\"isPartOf\":{\"@id\":\"https:\\\/\\\/karo-psychologie-praktijk.com\\\/#website\"},\"primaryImageOfPage\":{\"@id\":\"https:\\\/\\\/karo-psychologie-praktijk.com\\\/psychologie\\\/#primaryimage\"},\"image\":{\"@id\":\"https:\\\/\\\/karo-psychologie-praktijk.com\\\/psychologie\\\/#primaryimage\"},\"thumbnailUrl\":\"https:\\\/\\\/karo-psychologie-praktijk.com\\\/wp-content\\\/uploads\\\/elementor\\\/thumbs\\\/Psychologie-pge3ii2g943e0hixtnferu6c9jpvs5f5yjhehkxjz4.jpg\",\"datePublished\":\"2021-11-09T20:35:06+00:00\",\"dateModified\":\"2026-03-30T16:22:11+00:00\",\"breadcrumb\":{\"@id\":\"https:\\\/\\\/karo-psychologie-praktijk.com\\\/psychologie\\\/#breadcrumb\"},\"inLanguage\":\"pl-PL\",\"potentialAction\":[{\"@type\":\"ReadAction\",\"target\":[\"https:\\\/\\\/karo-psychologie-praktijk.com\\\/psychologie\\\/\"]}]},{\"@type\":\"ImageObject\",\"inLanguage\":\"pl-PL\",\"@id\":\"https:\\\/\\\/karo-psychologie-praktijk.com\\\/psychologie\\\/#primaryimage\",\"url\":\"https:\\\/\\\/karo-psychologie-praktijk.com\\\/wp-content\\\/uploads\\\/elementor\\\/thumbs\\\/Psychologie-pge3ii2g943e0hixtnferu6c9jpvs5f5yjhehkxjz4.jpg\",\"contentUrl\":\"https:\\\/\\\/karo-psychologie-praktijk.com\\\/wp-content\\\/uploads\\\/elementor\\\/thumbs\\\/Psychologie-pge3ii2g943e0hixtnferu6c9jpvs5f5yjhehkxjz4.jpg\"},{\"@type\":\"BreadcrumbList\",\"@id\":\"https:\\\/\\\/karo-psychologie-praktijk.com\\\/psychologie\\\/#breadcrumb\",\"itemListElement\":[{\"@type\":\"ListItem\",\"position\":1,\"name\":\"Home\",\"item\":\"https:\\\/\\\/karo-psychologie-praktijk.com\\\/\"},{\"@type\":\"ListItem\",\"position\":2,\"name\":\"Psychologie\"}]},{\"@type\":\"WebSite\",\"@id\":\"https:\\\/\\\/karo-psychologie-praktijk.com\\\/#website\",\"url\":\"https:\\\/\\\/karo-psychologie-praktijk.com\\\/\",\"name\":\"Karo Psychologie Praktijk\",\"description\":\"Individuele therapie \",\"publisher\":{\"@id\":\"https:\\\/\\\/karo-psychologie-praktijk.com\\\/#organization\"},\"potentialAction\":[{\"@type\":\"SearchAction\",\"target\":{\"@type\":\"EntryPoint\",\"urlTemplate\":\"https:\\\/\\\/karo-psychologie-praktijk.com\\\/?s={search_term_string}\"},\"query-input\":{\"@type\":\"PropertyValueSpecification\",\"valueRequired\":true,\"valueName\":\"search_term_string\"}}],\"inLanguage\":\"pl-PL\"},{\"@type\":\"Organization\",\"@id\":\"https:\\\/\\\/karo-psychologie-praktijk.com\\\/#organization\",\"name\":\"Karo Psychologie Praktijk\",\"url\":\"https:\\\/\\\/karo-psychologie-praktijk.com\\\/\",\"logo\":{\"@type\":\"ImageObject\",\"inLanguage\":\"pl-PL\",\"@id\":\"https:\\\/\\\/karo-psychologie-praktijk.com\\\/#\\\/schema\\\/logo\\\/image\\\/\",\"url\":\"https:\\\/\\\/karo-psychologie-praktijk.com\\\/wp-content\\\/uploads\\\/2022\\\/05\\\/cropped-logo-green.png\",\"contentUrl\":\"https:\\\/\\\/karo-psychologie-praktijk.com\\\/wp-content\\\/uploads\\\/2022\\\/05\\\/cropped-logo-green.png\",\"width\":512,\"height\":512,\"caption\":\"Karo Psychologie Praktijk\"},\"image\":{\"@id\":\"https:\\\/\\\/karo-psychologie-praktijk.com\\\/#\\\/schema\\\/logo\\\/image\\\/\"},\"sameAs\":[\"https:\\\/\\\/www.facebook.com\\\/karopsychologiepraktijk\",\"https:\\\/\\\/www.instagram.com\\\/karopsychologiepraktijk\"]}]}<\/script>\n<!-- \/ Yoast SEO plugin. -->","yoast_head_json":{"title":"Psychologie - Karo Psychologie Praktijk","robots":{"index":"index","follow":"follow","max-snippet":"max-snippet:-1","max-image-preview":"max-image-preview:large","max-video-preview":"max-video-preview:-1"},"canonical":"https:\/\/karo-psychologie-praktijk.com\/pl\/psychologie\/","og_locale":"pl_PL","og_type":"article","og_title":"Psychologie - Karo Psychologie Praktijk","og_description":"Psychologie In mijn praktijk ben je welkom met klachten zoals stress, trauma, werkgerelateerde problemen, psychosomatische klachten en stemmingsklachten. Ik bied een warme en veilige plek waar je je verhaal mag&hellip;","og_url":"https:\/\/karo-psychologie-praktijk.com\/pl\/psychologie\/","og_site_name":"Karo Psychologie Praktijk","article_publisher":"https:\/\/www.facebook.com\/karopsychologiepraktijk","article_modified_time":"2026-03-30T16:22:11+00:00","og_image":[{"url":"https:\/\/karo-psychologie-praktijk.com\/wp-content\/uploads\/elementor\/thumbs\/Psychologie-pge3ii2g943e0hixtnferu6c9jpvs5f5yjhehkxjz4.jpg","type":"","width":"","height":""}],"twitter_card":"summary_large_image","twitter_misc":{"Szacowany czas czytania":"2 minuty"},"schema":{"@context":"https:\/\/schema.org","@graph":[{"@type":"WebPage","@id":"https:\/\/karo-psychologie-praktijk.com\/psychologie\/","url":"https:\/\/karo-psychologie-praktijk.com\/psychologie\/","name":"Psychologie - Karo Psychologie Praktijk","isPartOf":{"@id":"https:\/\/karo-psychologie-praktijk.com\/#website"},"primaryImageOfPage":{"@id":"https:\/\/karo-psychologie-praktijk.com\/psychologie\/#primaryimage"},"image":{"@id":"https:\/\/karo-psychologie-praktijk.com\/psychologie\/#primaryimage"},"thumbnailUrl":"https:\/\/karo-psychologie-praktijk.com\/wp-content\/uploads\/elementor\/thumbs\/Psychologie-pge3ii2g943e0hixtnferu6c9jpvs5f5yjhehkxjz4.jpg","datePublished":"2021-11-09T20:35:06+00:00","dateModified":"2026-03-30T16:22:11+00:00","breadcrumb":{"@id":"https:\/\/karo-psychologie-praktijk.com\/psychologie\/#breadcrumb"},"inLanguage":"pl-PL","potentialAction":[{"@type":"ReadAction","target":["https:\/\/karo-psychologie-praktijk.com\/psychologie\/"]}]},{"@type":"ImageObject","inLanguage":"pl-PL","@id":"https:\/\/karo-psychologie-praktijk.com\/psychologie\/#primaryimage","url":"https:\/\/karo-psychologie-praktijk.com\/wp-content\/uploads\/elementor\/thumbs\/Psychologie-pge3ii2g943e0hixtnferu6c9jpvs5f5yjhehkxjz4.jpg","contentUrl":"https:\/\/karo-psychologie-praktijk.com\/wp-content\/uploads\/elementor\/thumbs\/Psychologie-pge3ii2g943e0hixtnferu6c9jpvs5f5yjhehkxjz4.jpg"},{"@type":"BreadcrumbList","@id":"https:\/\/karo-psychologie-praktijk.com\/psychologie\/#breadcrumb","itemListElement":[{"@type":"ListItem","position":1,"name":"Home","item":"https:\/\/karo-psychologie-praktijk.com\/"},{"@type":"ListItem","position":2,"name":"Psychologie"}]},{"@type":"WebSite","@id":"https:\/\/karo-psychologie-praktijk.com\/#website","url":"https:\/\/karo-psychologie-praktijk.com\/","name":"Karo Praktyka Psychologiczna","description":"Individuele therapie","publisher":{"@id":"https:\/\/karo-psychologie-praktijk.com\/#organization"},"potentialAction":[{"@type":"SearchAction","target":{"@type":"EntryPoint","urlTemplate":"https:\/\/karo-psychologie-praktijk.com\/?s={search_term_string}"},"query-input":{"@type":"PropertyValueSpecification","valueRequired":true,"valueName":"search_term_string"}}],"inLanguage":"pl-PL"},{"@type":"Organization","@id":"https:\/\/karo-psychologie-praktijk.com\/#organization","name":"Karo Praktyka Psychologiczna","url":"https:\/\/karo-psychologie-praktijk.com\/","logo":{"@type":"ImageObject","inLanguage":"pl-PL","@id":"https:\/\/karo-psychologie-praktijk.com\/#\/schema\/logo\/image\/","url":"https:\/\/karo-psychologie-praktijk.com\/wp-content\/uploads\/2022\/05\/cropped-logo-green.png","contentUrl":"https:\/\/karo-psychologie-praktijk.com\/wp-content\/uploads\/2022\/05\/cropped-logo-green.png","width":512,"height":512,"caption":"Karo Psychologie Praktijk"},"image":{"@id":"https:\/\/karo-psychologie-praktijk.com\/#\/schema\/logo\/image\/"},"sameAs":["https:\/\/www.facebook.com\/karopsychologiepraktijk","https:\/\/www.instagram.com\/karopsychologiepraktijk"]}]}},"_links":{"self":[{"href":"https:\/\/karo-psychologie-praktijk.com\/pl\/wp-json\/wp\/v2\/pages\/20281","targetHints":{"allow":["GET"]}}],"collection":[{"href":"https:\/\/karo-psychologie-praktijk.com\/pl\/wp-json\/wp\/v2\/pages"}],"about":[{"href":"https:\/\/karo-psychologie-praktijk.com\/pl\/wp-json\/wp\/v2\/types\/page"}],"author":[{"embeddable":true,"href":"https:\/\/karo-psychologie-praktijk.com\/pl\/wp-json\/wp\/v2\/users\/1"}],"replies":[{"embeddable":true,"href":"https:\/\/karo-psychologie-praktijk.com\/pl\/wp-json\/wp\/v2\/comments?post=20281"}],"version-history":[{"count":20,"href":"https:\/\/karo-psychologie-praktijk.com\/pl\/wp-json\/wp\/v2\/pages\/20281\/revisions"}],"predecessor-version":[{"id":22044,"href":"https:\/\/karo-psychologie-praktijk.com\/pl\/wp-json\/wp\/v2\/pages\/20281\/revisions\/22044"}],"wp:attachment":[{"href":"https:\/\/karo-psychologie-praktijk.com\/pl\/wp-json\/wp\/v2\/media?parent=20281"}],"curies":[{"name":"wp","href":"https:\/\/api.w.org\/{rel}","templated":true}]}}