{"id":20283,"date":"2021-11-09T21:35:19","date_gmt":"2021-11-09T20:35:19","guid":{"rendered":"https:\/\/karo-psychologie-praktijk-com.ams1.wp-one.dev\/?page_id=20283"},"modified":"2026-03-30T17:45:35","modified_gmt":"2026-03-30T15:45:35","slug":"ervaringen","status":"publish","type":"page","link":"https:\/\/karo-psychologie-praktijk.com\/pl\/ervaringen\/","title":{"rendered":"Opinie"},"content":{"rendered":"<div data-elementor-type=\"wp-page\" data-elementor-id=\"20283\" class=\"elementor elementor-20283\">\n\t\t\t\t\t\t<section class=\"elementor-section elementor-top-section elementor-element elementor-element-571417f elementor-section-boxed elementor-section-height-default elementor-section-height-default sc_fly_static\" data-id=\"571417f\" data-element_type=\"section\" data-e-type=\"section\">\n\t\t\t\t\t\t<div class=\"elementor-container elementor-column-gap-extended\">\n\t\t\t\t\t<div class=\"elementor-column elementor-col-100 elementor-top-column elementor-element elementor-element-1b62b53 sc_content_align_inherit sc_layouts_column_icons_position_left sc_fly_static\" data-id=\"1b62b53\" data-element_type=\"column\" data-e-type=\"column\">\n\t\t\t<div class=\"elementor-widget-wrap elementor-element-populated\">\n\t\t\t\t\t\t<div class=\"elementor-element elementor-element-9db3579 sc_fly_static elementor-widget elementor-widget-heading\" data-id=\"9db3579\" data-element_type=\"widget\" data-e-type=\"widget\" data-widget_type=\"heading.default\">\n\t\t\t\t<div class=\"elementor-widget-container\">\n\t\t\t\t\t<h1 class=\"elementor-heading-title elementor-size-default\">Opinie<\/h1>\t\t\t\t<\/div>\n\t\t\t\t<\/div>\n\t\t\t\t\t<\/div>\n\t\t<\/div>\n\t\t\t\t\t<\/div>\n\t\t<\/section>\n\t\t\t\t<section class=\"elementor-section elementor-top-section elementor-element elementor-element-5360ab4 elementor-section-boxed elementor-section-height-default elementor-section-height-default sc_fly_static\" data-id=\"5360ab4\" data-element_type=\"section\" data-e-type=\"section\">\n\t\t\t\t\t\t<div class=\"elementor-container elementor-column-gap-extended\">\n\t\t\t\t\t<div class=\"elementor-column elementor-col-100 elementor-top-column elementor-element elementor-element-3ecd4b4 sc_content_align_inherit sc_layouts_column_icons_position_left sc_fly_static\" data-id=\"3ecd4b4\" data-element_type=\"column\" data-e-type=\"column\">\n\t\t\t<div class=\"elementor-widget-wrap elementor-element-populated\">\n\t\t\t\t\t\t<div class=\"elementor-element elementor-element-71123e3 sc_fly_static elementor-widget elementor-widget-image\" data-id=\"71123e3\" data-element_type=\"widget\" data-e-type=\"widget\" data-widget_type=\"image.default\">\n\t\t\t\t<div class=\"elementor-widget-container\">\n\t\t\t\t\t\t\t\t\t\t\t\t\t\t\t<img decoding=\"async\" src=\"https:\/\/karo-psychologie-praktijk.com\/wp-content\/uploads\/elementor\/thumbs\/Coaching-pge2v5qqj851p3fk4k6xuq8972rqmqr4r09botqco0.jpeg\" title=\"Coaching\" alt=\"Coaching - Karo Psychologie Praktijk\" loading=\"lazy\" \/>\t\t\t\t\t\t\t\t\t\t\t\t\t\t\t<\/div>\n\t\t\t\t<\/div>\n\t\t\t\t\t<\/div>\n\t\t<\/div>\n\t\t\t\t\t<\/div>\n\t\t<\/section>\n\t\t\t\t<section data-animation-type=\"block\" class=\"elementor-section elementor-top-section elementor-element elementor-element-34a48f7 animated-slow elementor-section-boxed elementor-section-height-default elementor-section-height-default animation_type_block sc_fly_static elementor-invisible\" data-id=\"34a48f7\" data-element_type=\"section\" data-e-type=\"section\" data-settings=\"{&quot;animation&quot;:&quot;fadeInLeft&quot;,&quot;background_background&quot;:&quot;classic&quot;,&quot;animation_delay&quot;:0}\">\n\t\t\t\t\t\t<div class=\"elementor-container elementor-column-gap-extended\">\n\t\t\t\t\t<div class=\"elementor-column elementor-col-100 elementor-top-column elementor-element elementor-element-55d1201 sc_content_align_inherit sc_layouts_column_icons_position_left sc_fly_static\" data-id=\"55d1201\" data-element_type=\"column\" data-e-type=\"column\" data-settings=\"{&quot;background_background&quot;:&quot;classic&quot;}\">\n\t\t\t<div class=\"elementor-widget-wrap elementor-element-populated\">\n\t\t\t\t\t\t<div class=\"elementor-element elementor-element-8835f9b scheme_custom_karo sc_fly_static elementor-widget elementor-widget-testimonial\" data-id=\"8835f9b\" data-element_type=\"widget\" data-e-type=\"widget\" data-widget_type=\"testimonial.default\">\n\t\t\t\t<div class=\"elementor-widget-container\">\n\t\t\t\t\t\t\t<div class=\"elementor-testimonial-wrapper\">\n\t\t\t\t\t\t\t<div class=\"elementor-testimonial-content\">Karolina by\u0142a moim coachem przez ca\u0142\u0105 moj\u0105 karier\u0119 u dw\u00f3ch pracodawc\u00f3w.  Jest bardzo pragmatyczna i bardzo ludzka. To sprawia, \u017ce \u200b\u200bjej podej\u015bcie jest bardzo efektywne i jednocze\u015bnie dopasowane do rozm\u00f3wcy. Wida\u0107, \u017ce ma du\u017ce do\u015bwiadczenie w HR i rozleg\u0142\u0105 wiedze na temat proces\u00f3w psychologicznych. Mog\u0119 j\u0105 na prawd\u0119 poleci\u0107  jako coacha dla szerokiej grupy docelowej!<\/div>\n\t\t\t\n\t\t\t\t\t\t<div class=\"elementor-testimonial-meta elementor-has-image elementor-testimonial-image-position-aside\">\n\t\t\t\t<div class=\"elementor-testimonial-meta-inner\">\n\t\t\t\t\t\t\t\t\t\t\t<div class=\"elementor-testimonial-image\">\n\t\t\t\t\t\t\t<a href=\"https:\/\/karo-psychologie-praktijk.com\/pl\/ervaringen\/\" target=\"_blank\"><img fetchpriority=\"high\" decoding=\"async\" width=\"1280\" height=\"854\" src=\"https:\/\/karo-psychologie-praktijk.com\/wp-content\/uploads\/2021\/11\/Coaching.jpeg\" class=\"attachment-full size-full wp-image-21292\" alt=\"Coaching - Karo Psychologie Praktijk\" srcset=\"https:\/\/karo-psychologie-praktijk.com\/wp-content\/uploads\/2021\/11\/Coaching.jpeg 1280w, https:\/\/karo-psychologie-praktijk.com\/wp-content\/uploads\/2021\/11\/Coaching-300x200.jpeg 300w, https:\/\/karo-psychologie-praktijk.com\/wp-content\/uploads\/2021\/11\/Coaching-1024x683.jpeg 1024w, https:\/\/karo-psychologie-praktijk.com\/wp-content\/uploads\/2021\/11\/Coaching-768x512.jpeg 768w, https:\/\/karo-psychologie-praktijk.com\/wp-content\/uploads\/2021\/11\/Coaching-370x247.jpeg 370w, https:\/\/karo-psychologie-praktijk.com\/wp-content\/uploads\/2021\/11\/Coaching-840x560.jpeg 840w, https:\/\/karo-psychologie-praktijk.com\/wp-content\/uploads\/2021\/11\/Coaching-410x274.jpeg 410w\" sizes=\"(max-width: 1280px) 100vw, 1280px\" \/><\/a>\t\t\t\t\t\t<\/div>\n\t\t\t\t\t\n\t\t\t\t\t\t\t\t\t\t<div class=\"elementor-testimonial-details\">\n\t\t\t\t\t\t\t\t\t\t\t\t\t\t<a class=\"elementor-testimonial-name\" href=\"https:\/\/karo-psychologie-praktijk.com\/pl\/ervaringen\/\" target=\"_blank\">Lonneke<\/a>\n\t\t\t\t\t\t\t\t\t\t\t\t\t\t\t\t\t\t\t<\/div>\n\t\t\t\t\t\t\t\t\t<\/div>\n\t\t\t<\/div>\n\t\t\t\t\t<\/div>\n\t\t\t\t\t\t<\/div>\n\t\t\t\t<\/div>\n\t\t\t\t\t<\/div>\n\t\t<\/div>\n\t\t\t\t\t<\/div>\n\t\t<\/section>\n\t\t\t\t<section class=\"elementor-section elementor-top-section elementor-element elementor-element-45c6d9e elementor-section-boxed elementor-section-height-default elementor-section-height-default sc_fly_static\" data-id=\"45c6d9e\" data-element_type=\"section\" data-e-type=\"section\">\n\t\t\t\t\t\t<div class=\"elementor-container elementor-column-gap-extended\">\n\t\t\t\t\t<div data-animation-type=\"block\" class=\"elementor-column elementor-col-100 elementor-top-column elementor-element elementor-element-69e7c60 animated-slow sc_content_align_inherit sc_layouts_column_icons_position_left animation_type_block sc_fly_static elementor-invisible\" data-id=\"69e7c60\" data-element_type=\"column\" data-e-type=\"column\" data-settings=\"{&quot;background_background&quot;:&quot;classic&quot;,&quot;animation&quot;:&quot;fadeInLeft&quot;,&quot;animation_delay&quot;:0}\">\n\t\t\t<div class=\"elementor-widget-wrap elementor-element-populated\">\n\t\t\t\t\t\t<div class=\"elementor-element elementor-element-6d2912d scheme_custom_karo sc_fly_static elementor-widget elementor-widget-testimonial\" data-id=\"6d2912d\" data-element_type=\"widget\" data-e-type=\"widget\" data-widget_type=\"testimonial.default\">\n\t\t\t\t<div class=\"elementor-widget-container\">\n\t\t\t\t\t\t\t<div class=\"elementor-testimonial-wrapper\">\n\t\t\t\t\t\t\t<div class=\"elementor-testimonial-content\">Ka\u017cdej osobie, kt\u00f3ra rozwa\u017ca p\u00f3j\u015bcie na terapi\u0119, z ca\u0142ego serca polecam Pani\u0105 Karolin\u0119.\n\nSpotykamy si\u0119 ju\u017c od ponad roku i przez ten czas zrobi\u0142am ogromne post\u0119py. Nigdy nie s\u0105dzi\u0142am, \u017ce przy mojej zani\u017conej samoocenie i smutku, kt\u00f3ry towarzyszy\u0142 mi przez ca\u0142e \u017cycie, kiedykolwiek poczuj\u0119, \u017ce jestem co\u015b warta. A jednak \u2014 okaza\u0142o si\u0119, \u017ce jestem! Wierz\u0119 w swoj\u0105 si\u0142\u0119, zacz\u0119\u0142am o siebie dba\u0107, odci\u0119\u0142am si\u0119 od ludzi, kt\u00f3rzy mi szkodzili. Szanuj\u0119 swoj\u0105 prac\u0119 i rozumiem, sk\u0105d bior\u0105 si\u0119 moje trudno\u015bci.\n\nWiem, \u017ce przede mn\u0105 jeszcze wiele do przepracowania, ale pierwszy raz w \u017cyciu naprawd\u0119 chc\u0119 nad sob\u0105 pracowa\u0107 \u2014 dla siebie! To przepi\u0119kne uczucie, kiedy kto\u015b wierzy w Ciebie tak mocno i daje Ci tyle wsparcia, \u017ce zaczyna si\u0119 to przek\u0142ada\u0107 tak\u017ce na Twoj\u0105 w\u0142asn\u0105 wiar\u0119 w siebie.\n\nCz\u0119sto nie wiedzia\u0142am, jak ruszy\u0107 z miejsca. Tkwi\u0142am zamkni\u0119ta w swojej ba\u0144ce, a wystarczy\u0142 jeden krok, jedna podpowied\u017a Karoliny, by uruchomi\u0107 ca\u0142y proces pozytywnych zmian. To kierowa\u0142o mnie we w\u0142a\u015bciw\u0105 stron\u0119, a potem ju\u017c moja w\u0142asna intuicja prowadzi\u0142a mnie dalej \u2014 ku lepszemu.\n\nNauczy\u0142am si\u0119 rozmawia\u0107 z lud\u017ami. M\u00f3wi\u0107 o swoich trudno\u015bciach. Stawia\u0107 granice.\n\nPisz\u0105c t\u0119 recenzj\u0119, mam \u0142zy w oczach. Wzruszy\u0142am si\u0119, bo moje \u017cycie naprawd\u0119 zmieni\u0142o si\u0119 na lepsze. Bardzo, bardzo dzi\u0119kuj\u0119 Ci, Karolino, \u017ce jeste\u015b.\n\n\u017bycz\u0119 ka\u017cdej osobie, kt\u00f3ra jest gotowa na terapi\u0119, by trafi\u0142a na takiego terapeut\u0119 jak Karolina i mog\u0142a zacz\u0105\u0107 nowy rozdzia\u0142 swojego \u017cycia. Ten moment, w kt\u00f3rym wewn\u0119trzny b\u00f3l zaczyna ust\u0119powa\u0107, jest naprawd\u0119 przepi\u0119kny.<\/div>\n\t\t\t\n\t\t\t\t\t\t<div class=\"elementor-testimonial-meta elementor-has-image elementor-testimonial-image-position-aside\">\n\t\t\t\t<div class=\"elementor-testimonial-meta-inner\">\n\t\t\t\t\t\t\t\t\t\t\t<div class=\"elementor-testimonial-image\">\n\t\t\t\t\t\t\t<img fetchpriority=\"high\" decoding=\"async\" width=\"1280\" height=\"854\" src=\"https:\/\/karo-psychologie-praktijk.com\/wp-content\/uploads\/2021\/11\/Coaching.jpeg\" class=\"attachment-full size-full wp-image-21292\" alt=\"Coaching - Karo Psychologie Praktijk\" srcset=\"https:\/\/karo-psychologie-praktijk.com\/wp-content\/uploads\/2021\/11\/Coaching.jpeg 1280w, https:\/\/karo-psychologie-praktijk.com\/wp-content\/uploads\/2021\/11\/Coaching-300x200.jpeg 300w, https:\/\/karo-psychologie-praktijk.com\/wp-content\/uploads\/2021\/11\/Coaching-1024x683.jpeg 1024w, https:\/\/karo-psychologie-praktijk.com\/wp-content\/uploads\/2021\/11\/Coaching-768x512.jpeg 768w, https:\/\/karo-psychologie-praktijk.com\/wp-content\/uploads\/2021\/11\/Coaching-370x247.jpeg 370w, https:\/\/karo-psychologie-praktijk.com\/wp-content\/uploads\/2021\/11\/Coaching-840x560.jpeg 840w, https:\/\/karo-psychologie-praktijk.com\/wp-content\/uploads\/2021\/11\/Coaching-410x274.jpeg 410w\" sizes=\"(max-width: 1280px) 100vw, 1280px\" \/>\t\t\t\t\t\t<\/div>\n\t\t\t\t\t\n\t\t\t\t\t\t\t\t\t\t<div class=\"elementor-testimonial-details\">\n\t\t\t\t\t\t\t\t\t\t\t\t\t\t<div class=\"elementor-testimonial-name\">Ola<\/div>\n\t\t\t\t\t\t\t\t\t\t\t\t\t\t\t\t\t\t\t<\/div>\n\t\t\t\t\t\t\t\t\t<\/div>\n\t\t\t<\/div>\n\t\t\t\t\t<\/div>\n\t\t\t\t\t\t<\/div>\n\t\t\t\t<\/div>\n\t\t\t\t\t<\/div>\n\t\t<\/div>\n\t\t\t\t\t<\/div>\n\t\t<\/section>\n\t\t\t\t<section class=\"elementor-section elementor-top-section elementor-element elementor-element-8dfad2a elementor-section-boxed elementor-section-height-default elementor-section-height-default sc_fly_static\" data-id=\"8dfad2a\" data-element_type=\"section\" data-e-type=\"section\">\n\t\t\t\t\t\t<div class=\"elementor-container elementor-column-gap-extended\">\n\t\t\t\t\t<div class=\"elementor-column elementor-col-100 elementor-top-column elementor-element elementor-element-59abee0 sc_content_align_inherit sc_layouts_column_icons_position_left sc_fly_static\" data-id=\"59abee0\" data-element_type=\"column\" data-e-type=\"column\">\n\t\t\t<div class=\"elementor-widget-wrap elementor-element-populated\">\n\t\t\t\t\t\t<div class=\"elementor-element elementor-element-3b6d9e2 sc_fly_static elementor-widget elementor-widget-trx_sc_button\" data-id=\"3b6d9e2\" data-element_type=\"widget\" data-e-type=\"widget\" data-widget_type=\"trx_sc_button.default\">\n\t\t\t\t<div class=\"elementor-widget-container\">\n\t\t\t\t\t<div\tclass=\"sc_item_button sc_button_wrap sc_align_center\" ><a href=\"https:\/\/karo-psychologie-praktijk-com.ams1.wp-one.dev\/contact\" class=\"sc_button sc_button_default sc_button_size_normal sc_button_icon_left\" ><span class=\"sc_button_text\"><span class=\"sc_button_title\">Formularz kontaktowy<\/span><\/span><\/a><\/div>\t\t\t\t<\/div>\n\t\t\t\t<\/div>\n\t\t\t\t<div class=\"elementor-element elementor-element-0bbef1d sc_height_small sc_fly_static elementor-widget elementor-widget-spacer\" data-id=\"0bbef1d\" data-element_type=\"widget\" data-e-type=\"widget\" data-widget_type=\"spacer.default\">\n\t\t\t\t<div class=\"elementor-widget-container\">\n\t\t\t\t\t\t\t<div class=\"elementor-spacer\">\n\t\t\t<div class=\"elementor-spacer-inner\"><\/div>\n\t\t<\/div>\n\t\t\t\t\t\t<\/div>\n\t\t\t\t<\/div>\n\t\t\t\t\t<\/div>\n\t\t<\/div>\n\t\t\t\t\t<\/div>\n\t\t<\/section>\n\t\t\t\t<\/div>","protected":false},"excerpt":{"rendered":"<p>Ervaringen Karolina heeft mij gecoacht gedurende mijn loopbaan bij twee werkgevers. Ze is erg pragmatisch ingesteld en ook heel menselijk. Dat maakt haar aanpak heel effici\u00ebnt en tegelijk op maat&hellip;<\/p>","protected":false},"author":1,"featured_media":0,"parent":0,"menu_order":0,"comment_status":"closed","ping_status":"closed","template":"","meta":{"footnotes":""},"class_list":["post-20283","page","type-page","status-publish","hentry"],"yoast_head":"<!-- This site is optimized with the Yoast SEO plugin v27.6 - https:\/\/yoast.com\/product\/yoast-seo-wordpress\/ -->\n<title>Ervaringen - Karo Psychologie Praktijk<\/title>\n<meta name=\"description\" content=\"Bij Karo Psychologie Praktijk kun je terecht voor coaching en advies op het gebied van je persoonlijke ontwikkeling op de werkvloer.\" \/>\n<meta name=\"robots\" content=\"index, follow, max-snippet:-1, max-image-preview:large, max-video-preview:-1\" \/>\n<link rel=\"canonical\" href=\"https:\/\/karo-psychologie-praktijk.com\/pl\/ervaringen\/\" \/>\n<meta property=\"og:locale\" content=\"pl_PL\" \/>\n<meta property=\"og:type\" content=\"article\" \/>\n<meta property=\"og:title\" content=\"Ervaringen - Karo Psychologie Praktijk\" \/>\n<meta property=\"og:description\" content=\"Bij Karo Psychologie Praktijk kun je terecht voor coaching en advies op het gebied van je persoonlijke ontwikkeling op de werkvloer.\" \/>\n<meta property=\"og:url\" content=\"https:\/\/karo-psychologie-praktijk.com\/pl\/ervaringen\/\" \/>\n<meta property=\"og:site_name\" content=\"Karo Psychologie Praktijk\" \/>\n<meta property=\"article:publisher\" content=\"https:\/\/www.facebook.com\/karopsychologiepraktijk\" \/>\n<meta property=\"article:modified_time\" content=\"2026-03-30T15:45:35+00:00\" \/>\n<meta property=\"og:image\" content=\"https:\/\/karo-psychologie-praktijk.com\/wp-content\/uploads\/elementor\/thumbs\/Coaching-pge2v5qqj851p3fk4k6xuq8972rqmqr4r09botqco0.jpeg\" \/>\n<meta name=\"twitter:card\" content=\"summary_large_image\" \/>\n<meta name=\"twitter:label1\" content=\"Szacowany czas czytania\" \/>\n\t<meta name=\"twitter:data1\" content=\"3 minuty\" \/>\n<script type=\"application\/ld+json\" class=\"yoast-schema-graph\">{\"@context\":\"https:\\\/\\\/schema.org\",\"@graph\":[{\"@type\":\"WebPage\",\"@id\":\"https:\\\/\\\/karo-psychologie-praktijk.com\\\/ervaringen\\\/\",\"url\":\"https:\\\/\\\/karo-psychologie-praktijk.com\\\/ervaringen\\\/\",\"name\":\"Ervaringen - Karo Psychologie Praktijk\",\"isPartOf\":{\"@id\":\"https:\\\/\\\/karo-psychologie-praktijk.com\\\/#website\"},\"primaryImageOfPage\":{\"@id\":\"https:\\\/\\\/karo-psychologie-praktijk.com\\\/ervaringen\\\/#primaryimage\"},\"image\":{\"@id\":\"https:\\\/\\\/karo-psychologie-praktijk.com\\\/ervaringen\\\/#primaryimage\"},\"thumbnailUrl\":\"https:\\\/\\\/karo-psychologie-praktijk.com\\\/wp-content\\\/uploads\\\/elementor\\\/thumbs\\\/Coaching-pge2v5qqj851p3fk4k6xuq8972rqmqr4r09botqco0.jpeg\",\"datePublished\":\"2021-11-09T20:35:19+00:00\",\"dateModified\":\"2026-03-30T15:45:35+00:00\",\"description\":\"Bij Karo Psychologie Praktijk kun je terecht voor coaching en advies op het gebied van je persoonlijke ontwikkeling op de werkvloer.\",\"breadcrumb\":{\"@id\":\"https:\\\/\\\/karo-psychologie-praktijk.com\\\/ervaringen\\\/#breadcrumb\"},\"inLanguage\":\"pl-PL\",\"potentialAction\":[{\"@type\":\"ReadAction\",\"target\":[\"https:\\\/\\\/karo-psychologie-praktijk.com\\\/ervaringen\\\/\"]}]},{\"@type\":\"ImageObject\",\"inLanguage\":\"pl-PL\",\"@id\":\"https:\\\/\\\/karo-psychologie-praktijk.com\\\/ervaringen\\\/#primaryimage\",\"url\":\"https:\\\/\\\/karo-psychologie-praktijk.com\\\/wp-content\\\/uploads\\\/elementor\\\/thumbs\\\/Coaching-pge2v5qqj851p3fk4k6xuq8972rqmqr4r09botqco0.jpeg\",\"contentUrl\":\"https:\\\/\\\/karo-psychologie-praktijk.com\\\/wp-content\\\/uploads\\\/elementor\\\/thumbs\\\/Coaching-pge2v5qqj851p3fk4k6xuq8972rqmqr4r09botqco0.jpeg\"},{\"@type\":\"BreadcrumbList\",\"@id\":\"https:\\\/\\\/karo-psychologie-praktijk.com\\\/ervaringen\\\/#breadcrumb\",\"itemListElement\":[{\"@type\":\"ListItem\",\"position\":1,\"name\":\"Home\",\"item\":\"https:\\\/\\\/karo-psychologie-praktijk.com\\\/\"},{\"@type\":\"ListItem\",\"position\":2,\"name\":\"Ervaringen\"}]},{\"@type\":\"WebSite\",\"@id\":\"https:\\\/\\\/karo-psychologie-praktijk.com\\\/#website\",\"url\":\"https:\\\/\\\/karo-psychologie-praktijk.com\\\/\",\"name\":\"Karo Psychologie Praktijk\",\"description\":\"Individuele therapie \",\"publisher\":{\"@id\":\"https:\\\/\\\/karo-psychologie-praktijk.com\\\/#organization\"},\"potentialAction\":[{\"@type\":\"SearchAction\",\"target\":{\"@type\":\"EntryPoint\",\"urlTemplate\":\"https:\\\/\\\/karo-psychologie-praktijk.com\\\/?s={search_term_string}\"},\"query-input\":{\"@type\":\"PropertyValueSpecification\",\"valueRequired\":true,\"valueName\":\"search_term_string\"}}],\"inLanguage\":\"pl-PL\"},{\"@type\":\"Organization\",\"@id\":\"https:\\\/\\\/karo-psychologie-praktijk.com\\\/#organization\",\"name\":\"Karo Psychologie Praktijk\",\"url\":\"https:\\\/\\\/karo-psychologie-praktijk.com\\\/\",\"logo\":{\"@type\":\"ImageObject\",\"inLanguage\":\"pl-PL\",\"@id\":\"https:\\\/\\\/karo-psychologie-praktijk.com\\\/#\\\/schema\\\/logo\\\/image\\\/\",\"url\":\"https:\\\/\\\/karo-psychologie-praktijk.com\\\/wp-content\\\/uploads\\\/2022\\\/05\\\/cropped-logo-green.png\",\"contentUrl\":\"https:\\\/\\\/karo-psychologie-praktijk.com\\\/wp-content\\\/uploads\\\/2022\\\/05\\\/cropped-logo-green.png\",\"width\":512,\"height\":512,\"caption\":\"Karo Psychologie Praktijk\"},\"image\":{\"@id\":\"https:\\\/\\\/karo-psychologie-praktijk.com\\\/#\\\/schema\\\/logo\\\/image\\\/\"},\"sameAs\":[\"https:\\\/\\\/www.facebook.com\\\/karopsychologiepraktijk\",\"https:\\\/\\\/www.instagram.com\\\/karopsychologiepraktijk\"]}]}<\/script>\n<!-- \/ Yoast SEO plugin. -->","yoast_head_json":{"title":"Ervaringen - Karo Psychologie Praktijk","description":"Bij Karo Psychologie Praktijk kun je terecht voor coaching en advies op het gebied van je persoonlijke ontwikkeling op de werkvloer.","robots":{"index":"index","follow":"follow","max-snippet":"max-snippet:-1","max-image-preview":"max-image-preview:large","max-video-preview":"max-video-preview:-1"},"canonical":"https:\/\/karo-psychologie-praktijk.com\/pl\/ervaringen\/","og_locale":"pl_PL","og_type":"article","og_title":"Ervaringen - Karo Psychologie Praktijk","og_description":"Bij Karo Psychologie Praktijk kun je terecht voor coaching en advies op het gebied van je persoonlijke ontwikkeling op de werkvloer.","og_url":"https:\/\/karo-psychologie-praktijk.com\/pl\/ervaringen\/","og_site_name":"Karo Psychologie Praktijk","article_publisher":"https:\/\/www.facebook.com\/karopsychologiepraktijk","article_modified_time":"2026-03-30T15:45:35+00:00","og_image":[{"url":"https:\/\/karo-psychologie-praktijk.com\/wp-content\/uploads\/elementor\/thumbs\/Coaching-pge2v5qqj851p3fk4k6xuq8972rqmqr4r09botqco0.jpeg","type":"","width":"","height":""}],"twitter_card":"summary_large_image","twitter_misc":{"Szacowany czas czytania":"3 minuty"},"schema":{"@context":"https:\/\/schema.org","@graph":[{"@type":"WebPage","@id":"https:\/\/karo-psychologie-praktijk.com\/ervaringen\/","url":"https:\/\/karo-psychologie-praktijk.com\/ervaringen\/","name":"Ervaringen - Karo Psychologie Praktijk","isPartOf":{"@id":"https:\/\/karo-psychologie-praktijk.com\/#website"},"primaryImageOfPage":{"@id":"https:\/\/karo-psychologie-praktijk.com\/ervaringen\/#primaryimage"},"image":{"@id":"https:\/\/karo-psychologie-praktijk.com\/ervaringen\/#primaryimage"},"thumbnailUrl":"https:\/\/karo-psychologie-praktijk.com\/wp-content\/uploads\/elementor\/thumbs\/Coaching-pge2v5qqj851p3fk4k6xuq8972rqmqr4r09botqco0.jpeg","datePublished":"2021-11-09T20:35:19+00:00","dateModified":"2026-03-30T15:45:35+00:00","description":"Bij Karo Psychologie Praktijk kun je terecht voor coaching en advies op het gebied van je persoonlijke ontwikkeling op de werkvloer.","breadcrumb":{"@id":"https:\/\/karo-psychologie-praktijk.com\/ervaringen\/#breadcrumb"},"inLanguage":"pl-PL","potentialAction":[{"@type":"ReadAction","target":["https:\/\/karo-psychologie-praktijk.com\/ervaringen\/"]}]},{"@type":"ImageObject","inLanguage":"pl-PL","@id":"https:\/\/karo-psychologie-praktijk.com\/ervaringen\/#primaryimage","url":"https:\/\/karo-psychologie-praktijk.com\/wp-content\/uploads\/elementor\/thumbs\/Coaching-pge2v5qqj851p3fk4k6xuq8972rqmqr4r09botqco0.jpeg","contentUrl":"https:\/\/karo-psychologie-praktijk.com\/wp-content\/uploads\/elementor\/thumbs\/Coaching-pge2v5qqj851p3fk4k6xuq8972rqmqr4r09botqco0.jpeg"},{"@type":"BreadcrumbList","@id":"https:\/\/karo-psychologie-praktijk.com\/ervaringen\/#breadcrumb","itemListElement":[{"@type":"ListItem","position":1,"name":"Home","item":"https:\/\/karo-psychologie-praktijk.com\/"},{"@type":"ListItem","position":2,"name":"Ervaringen"}]},{"@type":"WebSite","@id":"https:\/\/karo-psychologie-praktijk.com\/#website","url":"https:\/\/karo-psychologie-praktijk.com\/","name":"Karo Praktyka Psychologiczna","description":"Individuele therapie","publisher":{"@id":"https:\/\/karo-psychologie-praktijk.com\/#organization"},"potentialAction":[{"@type":"SearchAction","target":{"@type":"EntryPoint","urlTemplate":"https:\/\/karo-psychologie-praktijk.com\/?s={search_term_string}"},"query-input":{"@type":"PropertyValueSpecification","valueRequired":true,"valueName":"search_term_string"}}],"inLanguage":"pl-PL"},{"@type":"Organization","@id":"https:\/\/karo-psychologie-praktijk.com\/#organization","name":"Karo Praktyka Psychologiczna","url":"https:\/\/karo-psychologie-praktijk.com\/","logo":{"@type":"ImageObject","inLanguage":"pl-PL","@id":"https:\/\/karo-psychologie-praktijk.com\/#\/schema\/logo\/image\/","url":"https:\/\/karo-psychologie-praktijk.com\/wp-content\/uploads\/2022\/05\/cropped-logo-green.png","contentUrl":"https:\/\/karo-psychologie-praktijk.com\/wp-content\/uploads\/2022\/05\/cropped-logo-green.png","width":512,"height":512,"caption":"Karo Psychologie Praktijk"},"image":{"@id":"https:\/\/karo-psychologie-praktijk.com\/#\/schema\/logo\/image\/"},"sameAs":["https:\/\/www.facebook.com\/karopsychologiepraktijk","https:\/\/www.instagram.com\/karopsychologiepraktijk"]}]}},"_links":{"self":[{"href":"https:\/\/karo-psychologie-praktijk.com\/pl\/wp-json\/wp\/v2\/pages\/20283","targetHints":{"allow":["GET"]}}],"collection":[{"href":"https:\/\/karo-psychologie-praktijk.com\/pl\/wp-json\/wp\/v2\/pages"}],"about":[{"href":"https:\/\/karo-psychologie-praktijk.com\/pl\/wp-json\/wp\/v2\/types\/page"}],"author":[{"embeddable":true,"href":"https:\/\/karo-psychologie-praktijk.com\/pl\/wp-json\/wp\/v2\/users\/1"}],"replies":[{"embeddable":true,"href":"https:\/\/karo-psychologie-praktijk.com\/pl\/wp-json\/wp\/v2\/comments?post=20283"}],"version-history":[{"count":20,"href":"https:\/\/karo-psychologie-praktijk.com\/pl\/wp-json\/wp\/v2\/pages\/20283\/revisions"}],"predecessor-version":[{"id":22028,"href":"https:\/\/karo-psychologie-praktijk.com\/pl\/wp-json\/wp\/v2\/pages\/20283\/revisions\/22028"}],"wp:attachment":[{"href":"https:\/\/karo-psychologie-praktijk.com\/pl\/wp-json\/wp\/v2\/media?parent=20283"}],"curies":[{"name":"wp","href":"https:\/\/api.w.org\/{rel}","templated":true}]}}